{"id":443,"date":"2018-01-12T12:41:38","date_gmt":"2018-01-12T11:41:38","guid":{"rendered":"http:\/\/www.truppetreibholz.ch\/?page_id=443"},"modified":"2019-01-10T12:42:17","modified_gmt":"2019-01-10T11:42:17","slug":"projekt-zukunft-2017","status":"publish","type":"page","link":"https:\/\/www.truppetreibholz.ch\/index.php\/archiv\/produktionen\/projekt-zukunft-2017\/","title":{"rendered":"\u00abProjekt Zukunft\u00bb 2017"},"content":{"rendered":"<p class=\"p1\"><span class=\"s1\"><b>Morgengrauen an der Goldk\u00fcste<\/b><\/span><\/p>\n<p class=\"p1\"><span class=\"s1\"> Ein Clubabend mit Ap\u00e9ro und kleinem Mahl.\u00a0<\/span><br \/>\nInspiriert von Gotthelfs \u00abSchwarzer Spinne\u00bb<\/p>\n<p class=\"p2\"><span class=\"s1\">Die von Futura Living geplante Gross\u00fcberbauung in G\u00fcldendorf ist gigantisch und zukunftsweisend \u2013 in \u00f6kologischer und technischer Hinsicht, aber auch in zwischenmenschlichen Belangen. Am g\u00f6ttlichen Lebensstil von morgen mitbauen: Was f\u00fcr eine Verheissung! W\u00e4ren da nur nicht die teuflische Vergangenheit, ein Fluch und ein Versprechen. Von der Managerin \u00fcber den Schauspielstar und den Pfarrer bis zur T\u00e4nzerin und dem Ausserirdischen: 13 Versucher nehmen die G\u00e4ste mit auf einen Trip durch die Zeitalter und ihre verschlungenen Geschichten \u2013 und mittendrin lauert die schwarze Spinne.<\/span><\/p>\n<p class=\"p2\"><span class=\"s1\"><strong>Ensemble<\/strong><br \/>\nYaiza Cabrera, Felix Egli, Martina Felber, Susanne Gadola, Stephan Herzog, Bettina Jonkmans, Ananda Kuhn, Lukas Meyer, Giulia Pompeo, Hans Reichling, Connie Schiess, Ursi Schmid, Barbara Stucky<\/span><\/p>\n<p><strong><span class=\"s1\"><b>Regie<\/b><br \/>\n<\/span><\/strong>Nicole Knuth<\/p>\n<p><strong><a href=\"http:\/\/www.truppetreibholz.ch\/wp-content\/uploads\/2017\/04\/ProjektZukunft_def_csc-85x55.pdf\">Flyer\u00a0<\/a><\/strong>\u00a0<strong>\/\/\u00a0<\/strong><a href=\"http:\/\/www.truppetreibholz.ch\/index.php\/archiv\/galerie\/\"><strong>Impressionen<\/strong><\/a><\/p>\n","protected":false},"excerpt":{"rendered":"<p>Morgengrauen an der Goldk\u00fcste Ein Clubabend mit Ap\u00e9ro und kleinem Mahl.\u00a0 Inspiriert von Gotthelfs \u00abSchwarzer Spinne\u00bb Die von Futura Living geplante Gross\u00fcberbauung in G\u00fcldendorf ist gigantisch und zukunftsweisend \u2013 in \u00f6kologischer und technischer Hinsicht, aber auch in zwischenmenschlichen Belangen. Am g\u00f6ttlichen Lebensstil von morgen mitbauen: Was f\u00fcr eine Verheissung! W\u00e4ren da nur nicht die teuflische &hellip; <a href=\"https:\/\/www.truppetreibholz.ch\/index.php\/archiv\/produktionen\/projekt-zukunft-2017\/\" class=\"more-link\"><span class=\"screen-reader-text\">&#8220;\u00abProjekt Zukunft\u00bb 2017&#8221; <\/span>weiterlesen<\/a><\/p>\n","protected":false},"author":1,"featured_media":0,"parent":498,"menu_order":10,"comment_status":"closed","ping_status":"closed","template":"","meta":{"footnotes":""},"class_list":["post-443","page","type-page","status-publish","hentry"],"aioseo_notices":[],"_links":{"self":[{"href":"https:\/\/www.truppetreibholz.ch\/index.php\/wp-json\/wp\/v2\/pages\/443","targetHints":{"allow":["GET"]}}],"collection":[{"href":"https:\/\/www.truppetreibholz.ch\/index.php\/wp-json\/wp\/v2\/pages"}],"about":[{"href":"https:\/\/www.truppetreibholz.ch\/index.php\/wp-json\/wp\/v2\/types\/page"}],"author":[{"embeddable":true,"href":"https:\/\/www.truppetreibholz.ch\/index.php\/wp-json\/wp\/v2\/users\/1"}],"replies":[{"embeddable":true,"href":"https:\/\/www.truppetreibholz.ch\/index.php\/wp-json\/wp\/v2\/comments?post=443"}],"version-history":[{"count":12,"href":"https:\/\/www.truppetreibholz.ch\/index.php\/wp-json\/wp\/v2\/pages\/443\/revisions"}],"predecessor-version":[{"id":502,"href":"https:\/\/www.truppetreibholz.ch\/index.php\/wp-json\/wp\/v2\/pages\/443\/revisions\/502"}],"up":[{"embeddable":true,"href":"https:\/\/www.truppetreibholz.ch\/index.php\/wp-json\/wp\/v2\/pages\/498"}],"wp:attachment":[{"href":"https:\/\/www.truppetreibholz.ch\/index.php\/wp-json\/wp\/v2\/media?parent=443"}],"curies":[{"name":"wp","href":"https:\/\/api.w.org\/{rel}","templated":true}]}}