{"id":498,"date":"2018-04-06T09:35:17","date_gmt":"2018-04-06T08:35:17","guid":{"rendered":"http:\/\/www.truppetreibholz.ch\/?page_id=498"},"modified":"2020-01-16T17:54:34","modified_gmt":"2020-01-16T16:54:34","slug":"produktionen","status":"publish","type":"page","link":"https:\/\/www.truppetreibholz.ch\/index.php\/archiv\/produktionen\/","title":{"rendered":"Produktionen"},"content":{"rendered":"<p>\u00abFEST!\u00bb 2019<\/p>\n<p><a href=\"http:\/\/www.truppetreibholz.ch\/index.php\/archiv\/produktionen\/odipus-tragodie-ein-trip\">\u00ab\u00d6dipus&#8250; Trag\u00f6die. <span class=\"TextRun SCXW49728974\" lang=\"DE-CH\" xml:lang=\"DE-CH\"><span class=\"NormalTextRun SCXW49728974\">\u00d6dipus<\/span><\/span><span class=\"TextRun SCXW49728974\" lang=\"DE-CH\" xml:lang=\"DE-CH\"><span class=\"NormalTextRun SCXW49728974\">&#8249;<\/span><\/span><span class=\"TextRun SCXW49728974\" lang=\"DE-CH\" xml:lang=\"DE-CH\"><span class=\"NormalTextRun SCXW49728974\">\u00a0Trag\u00f6die<\/span><\/span><span class=\"TextRun SCXW49728974\" lang=\"DE-CH\" xml:lang=\"DE-CH\"><span class=\"NormalTextRun SCXW49728974\">. Ein Trip<\/span><\/span><span class=\"EOP SCXW49728974\" data-ccp-props=\"{&quot;201341983&quot;:0,&quot;335559739&quot;:160,&quot;335559740&quot;:240}\">\u00bb 2018<\/span><\/a><\/p>\n<p><a href=\"http:\/\/www.truppetreibholz.ch\/index.php\/archiv\/projekt-zukunft-2017\/\">\u00abProjekt Zukunft\u00bb 2017<\/a><\/p>\n<p><a href=\"http:\/\/www.truppetreibholz.ch\/index.php\/archiv\/projekt-liebe-2016\/\">\u00abProjekt Liebe\u00bb 2016<\/a><\/p>\n<p style=\"text-align: left;\"><strong><a href=\"http:\/\/www.truppetreibholz.ch\/index.php\/archiv\/galerie\/\">Galerie<\/a><\/strong><\/p>\n<p style=\"text-align: left;\"><strong><a href=\"http:\/\/www.truppetreibholz.ch\/index.php\/archiv\/presse\/\">Presse<\/a><\/strong><\/p>\n","protected":false},"excerpt":{"rendered":"<p>\u00abFEST!\u00bb 2019 \u00ab\u00d6dipus&#8250; Trag\u00f6die. \u00d6dipus&#8249;\u00a0Trag\u00f6die. Ein Trip\u00bb 2018 \u00abProjekt Zukunft\u00bb 2017 \u00abProjekt Liebe\u00bb 2016 Galerie Presse<\/p>\n","protected":false},"author":1,"featured_media":0,"parent":59,"menu_order":0,"comment_status":"closed","ping_status":"closed","template":"","meta":{"footnotes":""},"class_list":["post-498","page","type-page","status-publish","hentry"],"aioseo_notices":[],"_links":{"self":[{"href":"https:\/\/www.truppetreibholz.ch\/index.php\/wp-json\/wp\/v2\/pages\/498","targetHints":{"allow":["GET"]}}],"collection":[{"href":"https:\/\/www.truppetreibholz.ch\/index.php\/wp-json\/wp\/v2\/pages"}],"about":[{"href":"https:\/\/www.truppetreibholz.ch\/index.php\/wp-json\/wp\/v2\/types\/page"}],"author":[{"embeddable":true,"href":"https:\/\/www.truppetreibholz.ch\/index.php\/wp-json\/wp\/v2\/users\/1"}],"replies":[{"embeddable":true,"href":"https:\/\/www.truppetreibholz.ch\/index.php\/wp-json\/wp\/v2\/comments?post=498"}],"version-history":[{"count":5,"href":"https:\/\/www.truppetreibholz.ch\/index.php\/wp-json\/wp\/v2\/pages\/498\/revisions"}],"predecessor-version":[{"id":611,"href":"https:\/\/www.truppetreibholz.ch\/index.php\/wp-json\/wp\/v2\/pages\/498\/revisions\/611"}],"up":[{"embeddable":true,"href":"https:\/\/www.truppetreibholz.ch\/index.php\/wp-json\/wp\/v2\/pages\/59"}],"wp:attachment":[{"href":"https:\/\/www.truppetreibholz.ch\/index.php\/wp-json\/wp\/v2\/media?parent=498"}],"curies":[{"name":"wp","href":"https:\/\/api.w.org\/{rel}","templated":true}]}}