{"id":513,"date":"2019-01-10T12:47:37","date_gmt":"2019-01-10T11:47:37","guid":{"rendered":"http:\/\/www.truppetreibholz.ch\/?page_id=513"},"modified":"2019-01-10T13:39:01","modified_gmt":"2019-01-10T12:39:01","slug":"odipus-tragodie-ein-trip","status":"publish","type":"page","link":"https:\/\/www.truppetreibholz.ch\/index.php\/archiv\/produktionen\/odipus-tragodie-ein-trip\/","title":{"rendered":"\u00ab\u00d6dipus&#8250;\u00a0Trag\u00f6die. Ein Trip\u00bb 2018"},"content":{"rendered":"\n<p>Die Truppe Treibholz nimmt sich der antiken Trag\u00f6die \u00ab\u00d6dipus\u00bb an. Endlich ein richtiges St\u00fcck. Mit einem Anfang, einem dramatischen Verlauf und einem Ende. Mit&nbsp;Schicksal,&nbsp;Schuld&nbsp;und S\u00fchne. Mit gedichteten Versen und&nbsp;Mysterienchor, mit famoser B\u00fchne und grandioser Choreografie. Die Truppe Treibholz ist bereit f\u00fcr das ganz grosse Theater. Und will damit die Welt&nbsp;zum Beben bringen.&nbsp;Ein hehres Unterfangen. Doch wie kommt es, dass die Treibh\u00f6lzer pl\u00f6tzlich dem Orakel von Delphi lauschen? Was hat es mit den G\u00f6ttern auf dem Olymp wirklich auf sich, wird der Traum vom Fliegen wahr, und welche Rolle spielt bei alledem ein Campari Soda?&nbsp;<\/p>\n\n\n\n<p><font color=\"#191e23\"><span style=\"background-color: rgb(232, 234, 235);\"><\/font><strong>Ensemble<\/strong><br>Yaiza Cabrera, Felix Egli, Martina Felber, Susanne Gadola, Stephan Herzog, Bettina Jonkmans,\u00a0Ananda Kuhn, Alex Lolos, Lukas Meyer, Giulia Pompeo, Hans Reichling, Connie Schiess, Ursi Schmid, Barbara Stucky, Peter von Arx\u00a0<\/p>\n\n\n\n<p><strong>Crew<\/strong><br>Regie und St\u00fcck: Nicole Knuth&nbsp;<br>St\u00fcck, Text&nbsp;&amp;&nbsp;Produktionsleitung: Giulia Pompeo&nbsp;<br>Musik&nbsp;&amp;&nbsp;Arrangements: Barbara Stucky&nbsp;<br>Licht, Musik &amp; Technik: Lukas Meyer<br>B\u00fchne &amp; Kost\u00fcme: Connie Schiess&nbsp;<br>B\u00fchne&nbsp;&amp; Umfeld: Stephan Herzog<br>Werbung: Yaiza Cabrera<br>Web: Martina Felber und Felix Egli&nbsp;&nbsp;<br>Bar &amp; K\u00fcche: Ursi Schmid&nbsp;<br>Reservationen: Barbara Cabrera<\/p>\n\n\n\n<p><br><a href=\"http:\/\/www.truppetreibholz.ch\/wp-content\/uploads\/2018\/01\/Oedipus_Postkarte.pdf\">Flyer<\/a> \/\/ <strong><a href=\"https:\/\/www.truppetreibholz.ch\/index.php\/archiv\/galerie\/\">Impressionen<\/a><\/strong><\/p>\n","protected":false},"excerpt":{"rendered":"<p>Die Truppe Treibholz nimmt sich der antiken Trag\u00f6die \u00ab\u00d6dipus\u00bb an. Endlich ein richtiges St\u00fcck. Mit einem Anfang, einem dramatischen Verlauf und einem Ende. Mit&nbsp;Schicksal,&nbsp;Schuld&nbsp;und S\u00fchne. Mit gedichteten Versen und&nbsp;Mysterienchor, mit famoser B\u00fchne und grandioser Choreografie. Die Truppe Treibholz ist bereit f\u00fcr das ganz grosse Theater. Und will damit die Welt&nbsp;zum Beben bringen.&nbsp;Ein hehres Unterfangen. Doch &hellip; <a href=\"https:\/\/www.truppetreibholz.ch\/index.php\/archiv\/produktionen\/odipus-tragodie-ein-trip\/\" class=\"more-link\"><span class=\"screen-reader-text\">&#8220;\u00ab\u00d6dipus&#8250;\u00a0Trag\u00f6die. Ein Trip\u00bb 2018&#8221; <\/span>weiterlesen<\/a><\/p>\n","protected":false},"author":1,"featured_media":0,"parent":498,"menu_order":0,"comment_status":"closed","ping_status":"closed","template":"","meta":{"footnotes":""},"class_list":["post-513","page","type-page","status-publish","hentry"],"aioseo_notices":[],"_links":{"self":[{"href":"https:\/\/www.truppetreibholz.ch\/index.php\/wp-json\/wp\/v2\/pages\/513","targetHints":{"allow":["GET"]}}],"collection":[{"href":"https:\/\/www.truppetreibholz.ch\/index.php\/wp-json\/wp\/v2\/pages"}],"about":[{"href":"https:\/\/www.truppetreibholz.ch\/index.php\/wp-json\/wp\/v2\/types\/page"}],"author":[{"embeddable":true,"href":"https:\/\/www.truppetreibholz.ch\/index.php\/wp-json\/wp\/v2\/users\/1"}],"replies":[{"embeddable":true,"href":"https:\/\/www.truppetreibholz.ch\/index.php\/wp-json\/wp\/v2\/comments?post=513"}],"version-history":[{"count":6,"href":"https:\/\/www.truppetreibholz.ch\/index.php\/wp-json\/wp\/v2\/pages\/513\/revisions"}],"predecessor-version":[{"id":526,"href":"https:\/\/www.truppetreibholz.ch\/index.php\/wp-json\/wp\/v2\/pages\/513\/revisions\/526"}],"up":[{"embeddable":true,"href":"https:\/\/www.truppetreibholz.ch\/index.php\/wp-json\/wp\/v2\/pages\/498"}],"wp:attachment":[{"href":"https:\/\/www.truppetreibholz.ch\/index.php\/wp-json\/wp\/v2\/media?parent=513"}],"curies":[{"name":"wp","href":"https:\/\/api.w.org\/{rel}","templated":true}]}}